{"id":133,"date":"2023-04-07T09:43:04","date_gmt":"2023-04-07T07:43:04","guid":{"rendered":"http:\/\/anro-czerniewice.pl\/?page_id=133"},"modified":"2024-12-27T18:09:34","modified_gmt":"2024-12-27T17:09:34","slug":"opal-groszek","status":"publish","type":"page","link":"http:\/\/anro-czerniewice.pl\/index.php\/opal-groszek\/","title":{"rendered":"OPA\u0141 &#8211; GROSZEK"},"content":{"rendered":"\t\t<div data-elementor-type=\"wp-page\" data-elementor-id=\"133\" class=\"elementor elementor-133\">\n\t\t\t\t\t\t<section class=\"elementor-section elementor-top-section elementor-element elementor-element-b05923f elementor-section-boxed elementor-section-height-default elementor-section-height-default\" data-id=\"b05923f\" data-element_type=\"section\">\n\t\t\t\t\t\t<div class=\"elementor-container elementor-column-gap-default\">\n\t\t\t\t\t<div class=\"elementor-column elementor-col-50 elementor-top-column elementor-element elementor-element-f5e7f77\" data-id=\"f5e7f77\" data-element_type=\"column\">\n\t\t\t<div class=\"elementor-widget-wrap elementor-element-populated\">\n\t\t\t\t\t\t<div class=\"elementor-element elementor-element-27a492f elementor-widget elementor-widget-text-editor\" data-id=\"27a492f\" data-element_type=\"widget\" data-widget_type=\"text-editor.default\">\n\t\t\t\t<div class=\"elementor-widget-container\">\n\t\t\t\t\t\t\t\t\t<p style=\"line-height: 150%; margin-bottom: 0.28cm; font-size: 17px;\" align=\"justify\">Groszek to popularny rodzaj w\u0119gla. Jest doskona\u0142ym paliwem, o ile prawid\u0142owo si\u0119 go wybierze, a nast\u0119pnie u\u017cytkuje. Najlepiej sprawdzi si\u0119 w piecach dedykowanych w\u0142a\u015bnie do groszku, jednak mo\u017cna go u\u017cywa\u0107 r\u00f3wnie\u017c w tradycyjnych modelach rusztowych, a nawet w\u0119glowych kuchniach \u2013 pod warunkiem przestrzegania odpowiednich technik spalania.<\/p>\n<p>Oferowane przez nas groszki s\u0105 to najwy\u017cszej jako\u015bci produktu. Gwarantuj\u0105 wysok\u0105 warto\u015b\u0107 opa\u0142ow\u0105, nisk\u0105 spiekalno\u015b\u0107 oraz \u015bladowe ilo\u015bci popio\u0142u. Jeste\u015bmy dystrybutorami wiod\u0105cych marek groszk\u00f3w takich jak: Sobianek, Bartex, Ekobran, Sztygar, Po\u0142udniowy Koncern W\u0119glowy.<\/p>\n<p><a style=\"color: #e91e28;\" href=\"https:\/\/anro-czerniewice.pl\/index.php\/cennik\/\"><u>Przejd\u017a do cennika<\/u><\/a><\/p>\t\t\t\t\t\t\t\t<\/div>\n\t\t\t\t<\/div>\n\t\t\t\t\t<\/div>\n\t\t<\/div>\n\t\t\t\t<div class=\"elementor-column elementor-col-50 elementor-top-column elementor-element elementor-element-b19cdf9\" data-id=\"b19cdf9\" data-element_type=\"column\">\n\t\t\t<div class=\"elementor-widget-wrap elementor-element-populated\">\n\t\t\t\t\t\t<div class=\"elementor-element elementor-element-3896e38 elementor-widget elementor-widget-image\" data-id=\"3896e38\" data-element_type=\"widget\" data-widget_type=\"image.default\">\n\t\t\t\t<div class=\"elementor-widget-container\">\n\t\t\t\t\t\t\t\t\t\t\t\t\t\t\t<img fetchpriority=\"high\" decoding=\"async\" width=\"1024\" height=\"683\" src=\"http:\/\/anro-czerniewice.pl\/wp-content\/uploads\/2023\/04\/AdobeStock_167845394-1024x683.jpeg\" class=\"attachment-large size-large wp-image-135\" alt=\"\" srcset=\"http:\/\/anro-czerniewice.pl\/wp-content\/uploads\/2023\/04\/AdobeStock_167845394-1024x683.jpeg 1024w, http:\/\/anro-czerniewice.pl\/wp-content\/uploads\/2023\/04\/AdobeStock_167845394-300x200.jpeg 300w, http:\/\/anro-czerniewice.pl\/wp-content\/uploads\/2023\/04\/AdobeStock_167845394-768x512.jpeg 768w, http:\/\/anro-czerniewice.pl\/wp-content\/uploads\/2023\/04\/AdobeStock_167845394-1536x1024.jpeg 1536w, http:\/\/anro-czerniewice.pl\/wp-content\/uploads\/2023\/04\/AdobeStock_167845394-2048x1365.jpeg 2048w\" sizes=\"(max-width: 1024px) 100vw, 1024px\" \/>\t\t\t\t\t\t\t\t\t\t\t\t\t\t\t<\/div>\n\t\t\t\t<\/div>\n\t\t\t\t\t<\/div>\n\t\t<\/div>\n\t\t\t\t\t<\/div>\n\t\t<\/section>\n\t\t\t\t<section class=\"elementor-section elementor-top-section elementor-element elementor-element-93c24fe elementor-section-boxed elementor-section-height-default elementor-section-height-default\" data-id=\"93c24fe\" data-element_type=\"section\">\n\t\t\t\t\t\t<div class=\"elementor-container elementor-column-gap-default\">\n\t\t\t\t\t<div class=\"elementor-column elementor-col-100 elementor-top-column elementor-element elementor-element-e056da7\" data-id=\"e056da7\" data-element_type=\"column\">\n\t\t\t<div class=\"elementor-widget-wrap elementor-element-populated\">\n\t\t\t\t\t\t<div class=\"elementor-element elementor-element-f43727b elementor-arrows-position-inside elementor-pagination-position-outside elementor-widget elementor-widget-image-carousel\" data-id=\"f43727b\" data-element_type=\"widget\" data-settings=\"{&quot;navigation&quot;:&quot;both&quot;,&quot;autoplay&quot;:&quot;yes&quot;,&quot;pause_on_hover&quot;:&quot;yes&quot;,&quot;pause_on_interaction&quot;:&quot;yes&quot;,&quot;autoplay_speed&quot;:5000,&quot;infinite&quot;:&quot;yes&quot;,&quot;speed&quot;:500}\" data-widget_type=\"image-carousel.default\">\n\t\t\t\t<div class=\"elementor-widget-container\">\n\t\t\t\t\t\t\t<div class=\"elementor-image-carousel-wrapper swiper\" role=\"region\" aria-roledescription=\"carousel\" aria-label=\"Karuzela obrazk\u00f3w\" dir=\"ltr\">\n\t\t\t<div class=\"elementor-image-carousel swiper-wrapper\" aria-live=\"off\">\n\t\t\t\t\t\t\t\t<div class=\"swiper-slide\" role=\"group\" aria-roledescription=\"slide\" aria-label=\"1 z 4\"><figure class=\"swiper-slide-inner\"><img decoding=\"async\" class=\"swiper-slide-image\" src=\"http:\/\/anro-czerniewice.pl\/wp-content\/uploads\/elementor\/thumbs\/sobianek-r3m0nudp6gsyp712ucgw8g9wrgx8di4dly1m1fw924.jpg\" alt=\"sobianek\" \/><\/figure><\/div><div class=\"swiper-slide\" role=\"group\" aria-roledescription=\"slide\" aria-label=\"2 z 4\"><figure class=\"swiper-slide-inner\"><img decoding=\"async\" class=\"swiper-slide-image\" src=\"http:\/\/anro-czerniewice.pl\/wp-content\/uploads\/elementor\/thumbs\/Logo-www-22-r3m0nlx5gyhdspdd7qt940erf02xg86sks68py8sm4.png\" alt=\"Logo-www-22\" \/><\/figure><\/div><div class=\"swiper-slide\" role=\"group\" aria-roledescription=\"slide\" aria-label=\"3 z 4\"><figure class=\"swiper-slide-inner\"><img decoding=\"async\" class=\"swiper-slide-image\" src=\"http:\/\/anro-czerniewice.pl\/wp-content\/uploads\/elementor\/thumbs\/logo-pkw-2-r3m0nbkxds388zsdw4ccul0ovrhw3k1qvczwfwo4ik.jpg\" alt=\"logo pkw\" \/><\/figure><\/div><div class=\"swiper-slide\" role=\"group\" aria-roledescription=\"slide\" aria-label=\"4 z 4\"><figure class=\"swiper-slide-inner\"><img decoding=\"async\" class=\"swiper-slide-image\" src=\"http:\/\/anro-czerniewice.pl\/wp-content\/uploads\/elementor\/thumbs\/logo_1_big-r3m0nbkxds388zsdw4ccul0ovrhw3k1qvczwfwo4ik.png\" alt=\"logo_1_big\" \/><\/figure><\/div>\t\t\t<\/div>\n\t\t\t\t\t\t\t\t\t\t\t\t<div class=\"elementor-swiper-button elementor-swiper-button-prev\" role=\"button\" tabindex=\"0\">\n\t\t\t\t\t\t<i aria-hidden=\"true\" class=\"eicon-chevron-left\"><\/i>\t\t\t\t\t<\/div>\n\t\t\t\t\t<div class=\"elementor-swiper-button elementor-swiper-button-next\" role=\"button\" tabindex=\"0\">\n\t\t\t\t\t\t<i aria-hidden=\"true\" class=\"eicon-chevron-right\"><\/i>\t\t\t\t\t<\/div>\n\t\t\t\t\n\t\t\t\t\t\t\t\t\t<div class=\"swiper-pagination\"><\/div>\n\t\t\t\t\t\t\t\t\t<\/div>\n\t\t\t\t\t\t<\/div>\n\t\t\t\t<\/div>\n\t\t\t\t\t<\/div>\n\t\t<\/div>\n\t\t\t\t\t<\/div>\n\t\t<\/section>\n\t\t\t\t<\/div>\n\t\t","protected":false},"excerpt":{"rendered":"<p>Groszek to popularny rodzaj w\u0119gla. Jest doskona\u0142ym paliwem, o ile prawid\u0142owo si\u0119 go wybierze, a nast\u0119pnie u\u017cytkuje. Najlepiej sprawdzi si\u0119 w piecach dedykowanych w\u0142a\u015bnie do groszku, jednak mo\u017cna go u\u017cywa\u0107 r\u00f3wnie\u017c w tradycyjnych modelach rusztowych, a nawet w\u0119glowych kuchniach \u2013 pod warunkiem przestrzegania odpowiednich technik spalania. Oferowane przez nas groszki s\u0105 to najwy\u017cszej jako\u015bci produktu. [&hellip;]<\/p>\n","protected":false},"author":1,"featured_media":0,"parent":0,"menu_order":0,"comment_status":"closed","ping_status":"closed","template":"","meta":{"ocean_post_layout":"","ocean_both_sidebars_style":"","ocean_both_sidebars_content_width":0,"ocean_both_sidebars_sidebars_width":0,"ocean_sidebar":"0","ocean_second_sidebar":"0","ocean_disable_margins":"enable","ocean_add_body_class":"","ocean_shortcode_before_top_bar":"","ocean_shortcode_after_top_bar":"","ocean_shortcode_before_header":"","ocean_shortcode_after_header":"","ocean_has_shortcode":"","ocean_shortcode_after_title":"","ocean_shortcode_before_footer_widgets":"","ocean_shortcode_after_footer_widgets":"","ocean_shortcode_before_footer_bottom":"","ocean_shortcode_after_footer_bottom":"","ocean_display_top_bar":"default","ocean_display_header":"default","ocean_header_style":"","ocean_center_header_left_menu":"0","ocean_custom_header_template":"0","ocean_custom_logo":0,"ocean_custom_retina_logo":0,"ocean_custom_logo_max_width":0,"ocean_custom_logo_tablet_max_width":0,"ocean_custom_logo_mobile_max_width":0,"ocean_custom_logo_max_height":0,"ocean_custom_logo_tablet_max_height":0,"ocean_custom_logo_mobile_max_height":0,"ocean_header_custom_menu":"0","ocean_menu_typo_font_family":"0","ocean_menu_typo_font_subset":"","ocean_menu_typo_font_size":0,"ocean_menu_typo_font_size_tablet":0,"ocean_menu_typo_font_size_mobile":0,"ocean_menu_typo_font_size_unit":"px","ocean_menu_typo_font_weight":"","ocean_menu_typo_font_weight_tablet":"","ocean_menu_typo_font_weight_mobile":"","ocean_menu_typo_transform":"","ocean_menu_typo_transform_tablet":"","ocean_menu_typo_transform_mobile":"","ocean_menu_typo_line_height":0,"ocean_menu_typo_line_height_tablet":0,"ocean_menu_typo_line_height_mobile":0,"ocean_menu_typo_line_height_unit":"","ocean_menu_typo_spacing":0,"ocean_menu_typo_spacing_tablet":0,"ocean_menu_typo_spacing_mobile":0,"ocean_menu_typo_spacing_unit":"","ocean_menu_link_color":"","ocean_menu_link_color_hover":"","ocean_menu_link_color_active":"","ocean_menu_link_background":"","ocean_menu_link_hover_background":"","ocean_menu_link_active_background":"","ocean_menu_social_links_bg":"","ocean_menu_social_hover_links_bg":"","ocean_menu_social_links_color":"","ocean_menu_social_hover_links_color":"","ocean_disable_title":"default","ocean_disable_heading":"default","ocean_post_title":"","ocean_post_subheading":"","ocean_post_title_style":"","ocean_post_title_background_color":"","ocean_post_title_background":0,"ocean_post_title_bg_image_position":"","ocean_post_title_bg_image_attachment":"","ocean_post_title_bg_image_repeat":"","ocean_post_title_bg_image_size":"","ocean_post_title_height":0,"ocean_post_title_bg_overlay":0.5,"ocean_post_title_bg_overlay_color":"","ocean_disable_breadcrumbs":"default","ocean_breadcrumbs_color":"","ocean_breadcrumbs_separator_color":"","ocean_breadcrumbs_links_color":"","ocean_breadcrumbs_links_hover_color":"","ocean_display_footer_widgets":"default","ocean_display_footer_bottom":"default","ocean_custom_footer_template":"0","footnotes":""},"class_list":["post-133","page","type-page","status-publish","hentry","entry"],"_links":{"self":[{"href":"http:\/\/anro-czerniewice.pl\/index.php\/wp-json\/wp\/v2\/pages\/133","targetHints":{"allow":["GET"]}}],"collection":[{"href":"http:\/\/anro-czerniewice.pl\/index.php\/wp-json\/wp\/v2\/pages"}],"about":[{"href":"http:\/\/anro-czerniewice.pl\/index.php\/wp-json\/wp\/v2\/types\/page"}],"author":[{"embeddable":true,"href":"http:\/\/anro-czerniewice.pl\/index.php\/wp-json\/wp\/v2\/users\/1"}],"replies":[{"embeddable":true,"href":"http:\/\/anro-czerniewice.pl\/index.php\/wp-json\/wp\/v2\/comments?post=133"}],"version-history":[{"count":31,"href":"http:\/\/anro-czerniewice.pl\/index.php\/wp-json\/wp\/v2\/pages\/133\/revisions"}],"predecessor-version":[{"id":688,"href":"http:\/\/anro-czerniewice.pl\/index.php\/wp-json\/wp\/v2\/pages\/133\/revisions\/688"}],"wp:attachment":[{"href":"http:\/\/anro-czerniewice.pl\/index.php\/wp-json\/wp\/v2\/media?parent=133"}],"curies":[{"name":"wp","href":"https:\/\/api.w.org\/{rel}","templated":true}]}}