{"id":298,"date":"2023-04-12T16:02:54","date_gmt":"2023-04-12T14:02:54","guid":{"rendered":"https:\/\/anro-czerniewice.pl\/?page_id=298"},"modified":"2023-04-12T22:56:27","modified_gmt":"2023-04-12T20:56:27","slug":"mat-bud-docieplenia","status":"publish","type":"page","link":"http:\/\/anro-czerniewice.pl\/index.php\/mat-bud-docieplenia\/","title":{"rendered":"MAT-BUD DOCIEPLENIA"},"content":{"rendered":"\t\t<div data-elementor-type=\"wp-page\" data-elementor-id=\"298\" class=\"elementor elementor-298\">\n\t\t\t\t\t\t<section class=\"elementor-section elementor-top-section elementor-element elementor-element-b0aebc9 elementor-section-boxed elementor-section-height-default elementor-section-height-default\" data-id=\"b0aebc9\" data-element_type=\"section\">\n\t\t\t\t\t\t<div class=\"elementor-container elementor-column-gap-default\">\n\t\t\t\t\t<div class=\"elementor-column elementor-col-50 elementor-top-column elementor-element elementor-element-3d8d9bf\" data-id=\"3d8d9bf\" data-element_type=\"column\">\n\t\t\t<div class=\"elementor-widget-wrap elementor-element-populated\">\n\t\t\t\t\t\t<div class=\"elementor-element elementor-element-f69ce63 elementor-widget elementor-widget-text-editor\" data-id=\"f69ce63\" data-element_type=\"widget\" data-widget_type=\"text-editor.default\">\n\t\t\t\t<div class=\"elementor-widget-container\">\n\t\t\t\t\t\t\t\t\t<p align=\"justify\" style=\"line-height: 150%; margin-bottom: 0.28cm; font-size: 17px;\">Oferujemy Pa\u0144stwu szerok\u0105 gam\u0119 materia\u0142\u00f3w termoizolacyjnych znajduj\u0105cych szerokie zastosowanie w budownictwie.\n<br\/><br\/>\nOdmiany i formy, w kt\u00f3rych te materia\u0142y s\u0105 dost\u0119pne, pozwalaj\u0105 skutecznie ociepla\u0107 rozmaite powierzchnie \u2013 \u015bciany zewn\u0119trzne, stropy, \u015bciany szkieletowe czy pod\u0142ogi.\n<br\/><br\/>\nOferta handlowa obejmuje:<\/p>\n\n<ul style=\"line-height: 150%; margin-bottom: 0.28cm; font-size: 17px;\">\n \t<li>styropian fasadowy, pod\u0142ogowy, fundamentowy<\/li>\n \t<li>styrodur<\/li>\n \t<li>styropapa<\/li>\n \t<li>we\u0142na mineralna<\/li>\n<\/ul>\t\t\t\t\t\t\t\t<\/div>\n\t\t\t\t<\/div>\n\t\t\t\t\t<\/div>\n\t\t<\/div>\n\t\t\t\t<div class=\"elementor-column elementor-col-50 elementor-top-column elementor-element elementor-element-bb50339\" data-id=\"bb50339\" data-element_type=\"column\">\n\t\t\t<div class=\"elementor-widget-wrap elementor-element-populated\">\n\t\t\t\t\t\t<div class=\"elementor-element elementor-element-3f910bb elementor-widget elementor-widget-image\" data-id=\"3f910bb\" data-element_type=\"widget\" data-widget_type=\"image.default\">\n\t\t\t\t<div class=\"elementor-widget-container\">\n\t\t\t\t\t\t\t\t\t\t\t\t\t\t\t<img fetchpriority=\"high\" decoding=\"async\" width=\"1024\" height=\"683\" src=\"http:\/\/anro-czerniewice.pl\/wp-content\/uploads\/2023\/04\/docieplenie-1024x683.jpeg\" class=\"attachment-large size-large wp-image-443\" alt=\"docieplenie\" srcset=\"http:\/\/anro-czerniewice.pl\/wp-content\/uploads\/2023\/04\/docieplenie-1024x683.jpeg 1024w, http:\/\/anro-czerniewice.pl\/wp-content\/uploads\/2023\/04\/docieplenie-300x200.jpeg 300w, http:\/\/anro-czerniewice.pl\/wp-content\/uploads\/2023\/04\/docieplenie-768x512.jpeg 768w, http:\/\/anro-czerniewice.pl\/wp-content\/uploads\/2023\/04\/docieplenie-1536x1024.jpeg 1536w, http:\/\/anro-czerniewice.pl\/wp-content\/uploads\/2023\/04\/docieplenie-2048x1365.jpeg 2048w\" sizes=\"(max-width: 1024px) 100vw, 1024px\" \/>\t\t\t\t\t\t\t\t\t\t\t\t\t\t\t<\/div>\n\t\t\t\t<\/div>\n\t\t\t\t\t<\/div>\n\t\t<\/div>\n\t\t\t\t\t<\/div>\n\t\t<\/section>\n\t\t\t\t<section class=\"elementor-section elementor-top-section elementor-element elementor-element-3afeb69 elementor-section-boxed elementor-section-height-default elementor-section-height-default\" data-id=\"3afeb69\" data-element_type=\"section\">\n\t\t\t\t\t\t<div class=\"elementor-container elementor-column-gap-default\">\n\t\t\t\t\t<div class=\"elementor-column elementor-col-100 elementor-top-column elementor-element elementor-element-b647fd0\" data-id=\"b647fd0\" data-element_type=\"column\">\n\t\t\t<div class=\"elementor-widget-wrap elementor-element-populated\">\n\t\t\t\t\t\t<div class=\"elementor-element elementor-element-8f1acaf elementor-arrows-position-inside elementor-pagination-position-outside elementor-widget elementor-widget-image-carousel\" data-id=\"8f1acaf\" data-element_type=\"widget\" data-settings=\"{&quot;navigation&quot;:&quot;both&quot;,&quot;autoplay&quot;:&quot;yes&quot;,&quot;pause_on_hover&quot;:&quot;yes&quot;,&quot;pause_on_interaction&quot;:&quot;yes&quot;,&quot;autoplay_speed&quot;:5000,&quot;infinite&quot;:&quot;yes&quot;,&quot;speed&quot;:500}\" data-widget_type=\"image-carousel.default\">\n\t\t\t\t<div class=\"elementor-widget-container\">\n\t\t\t\t\t\t\t<div class=\"elementor-image-carousel-wrapper swiper\" role=\"region\" aria-roledescription=\"carousel\" aria-label=\"Karuzela obrazk\u00f3w\" dir=\"ltr\">\n\t\t\t<div class=\"elementor-image-carousel swiper-wrapper\" aria-live=\"off\">\n\t\t\t\t\t\t\t\t<div class=\"swiper-slide\" role=\"group\" aria-roledescription=\"slide\" aria-label=\"1 z 4\"><figure class=\"swiper-slide-inner\"><img decoding=\"async\" class=\"swiper-slide-image\" src=\"http:\/\/anro-czerniewice.pl\/wp-content\/uploads\/elementor\/thumbs\/yetico-r3m0o00qbh0omusvxewnneuobs5fnoqrmpyix3nw0s.png\" alt=\"yetico\" \/><\/figure><\/div><div class=\"swiper-slide\" role=\"group\" aria-roledescription=\"slide\" aria-label=\"2 z 4\"><figure class=\"swiper-slide-inner\"><img decoding=\"async\" class=\"swiper-slide-image\" src=\"http:\/\/anro-czerniewice.pl\/wp-content\/uploads\/elementor\/thumbs\/climwool-r3m0nkzba4g3h3eqd8emjinatm7k8j328nir8oa6sc.jpg\" alt=\"climwool\" \/><\/figure><\/div><div class=\"swiper-slide\" role=\"group\" aria-roledescription=\"slide\" aria-label=\"3 z 4\"><figure class=\"swiper-slide-inner\"><img decoding=\"async\" class=\"swiper-slide-image\" src=\"http:\/\/anro-czerniewice.pl\/wp-content\/uploads\/elementor\/thumbs\/rockwool-vector-logo-r3m0nga4by9nv1lk4odhp1tzuouq61kek09buah5ng.png\" alt=\"rockwool-vector-logo\" \/><\/figure><\/div><div class=\"swiper-slide\" role=\"group\" aria-roledescription=\"slide\" aria-label=\"4 z 4\"><figure class=\"swiper-slide-inner\"><img decoding=\"async\" class=\"swiper-slide-image\" src=\"http:\/\/anro-czerniewice.pl\/wp-content\/uploads\/elementor\/thumbs\/styro-mar-r3m0o0ykib1yygrirxba7wm4x60svduhyum0edmhuk.png\" alt=\"styro-mar\" \/><\/figure><\/div>\t\t\t<\/div>\n\t\t\t\t\t\t\t\t\t\t\t\t<div class=\"elementor-swiper-button elementor-swiper-button-prev\" role=\"button\" tabindex=\"0\">\n\t\t\t\t\t\t<i aria-hidden=\"true\" class=\"eicon-chevron-left\"><\/i>\t\t\t\t\t<\/div>\n\t\t\t\t\t<div class=\"elementor-swiper-button elementor-swiper-button-next\" role=\"button\" tabindex=\"0\">\n\t\t\t\t\t\t<i aria-hidden=\"true\" class=\"eicon-chevron-right\"><\/i>\t\t\t\t\t<\/div>\n\t\t\t\t\n\t\t\t\t\t\t\t\t\t<div class=\"swiper-pagination\"><\/div>\n\t\t\t\t\t\t\t\t\t<\/div>\n\t\t\t\t\t\t<\/div>\n\t\t\t\t<\/div>\n\t\t\t\t\t<\/div>\n\t\t<\/div>\n\t\t\t\t\t<\/div>\n\t\t<\/section>\n\t\t\t\t<\/div>\n\t\t","protected":false},"excerpt":{"rendered":"<p>Oferujemy Pa\u0144stwu szerok\u0105 gam\u0119 materia\u0142\u00f3w termoizolacyjnych znajduj\u0105cych szerokie zastosowanie w budownictwie. Odmiany i formy, w kt\u00f3rych te materia\u0142y s\u0105 dost\u0119pne, pozwalaj\u0105 skutecznie ociepla\u0107 rozmaite powierzchnie \u2013 \u015bciany zewn\u0119trzne, stropy, \u015bciany szkieletowe czy pod\u0142ogi. Oferta handlowa obejmuje: styropian fasadowy, pod\u0142ogowy, fundamentowy styrodur styropapa we\u0142na mineralna Poprzednie Nast\u0119pne<\/p>\n","protected":false},"author":1,"featured_media":0,"parent":0,"menu_order":0,"comment_status":"closed","ping_status":"closed","template":"","meta":{"ocean_post_layout":"","ocean_both_sidebars_style":"","ocean_both_sidebars_content_width":0,"ocean_both_sidebars_sidebars_width":0,"ocean_sidebar":"0","ocean_second_sidebar":"0","ocean_disable_margins":"enable","ocean_add_body_class":"","ocean_shortcode_before_top_bar":"","ocean_shortcode_after_top_bar":"","ocean_shortcode_before_header":"","ocean_shortcode_after_header":"","ocean_has_shortcode":"","ocean_shortcode_after_title":"","ocean_shortcode_before_footer_widgets":"","ocean_shortcode_after_footer_widgets":"","ocean_shortcode_before_footer_bottom":"","ocean_shortcode_after_footer_bottom":"","ocean_display_top_bar":"default","ocean_display_header":"default","ocean_header_style":"","ocean_center_header_left_menu":"0","ocean_custom_header_template":"0","ocean_custom_logo":0,"ocean_custom_retina_logo":0,"ocean_custom_logo_max_width":0,"ocean_custom_logo_tablet_max_width":0,"ocean_custom_logo_mobile_max_width":0,"ocean_custom_logo_max_height":0,"ocean_custom_logo_tablet_max_height":0,"ocean_custom_logo_mobile_max_height":0,"ocean_header_custom_menu":"0","ocean_menu_typo_font_family":"0","ocean_menu_typo_font_subset":"","ocean_menu_typo_font_size":0,"ocean_menu_typo_font_size_tablet":0,"ocean_menu_typo_font_size_mobile":0,"ocean_menu_typo_font_size_unit":"px","ocean_menu_typo_font_weight":"","ocean_menu_typo_font_weight_tablet":"","ocean_menu_typo_font_weight_mobile":"","ocean_menu_typo_transform":"","ocean_menu_typo_transform_tablet":"","ocean_menu_typo_transform_mobile":"","ocean_menu_typo_line_height":0,"ocean_menu_typo_line_height_tablet":0,"ocean_menu_typo_line_height_mobile":0,"ocean_menu_typo_line_height_unit":"","ocean_menu_typo_spacing":0,"ocean_menu_typo_spacing_tablet":0,"ocean_menu_typo_spacing_mobile":0,"ocean_menu_typo_spacing_unit":"","ocean_menu_link_color":"","ocean_menu_link_color_hover":"","ocean_menu_link_color_active":"","ocean_menu_link_background":"","ocean_menu_link_hover_background":"","ocean_menu_link_active_background":"","ocean_menu_social_links_bg":"","ocean_menu_social_hover_links_bg":"","ocean_menu_social_links_color":"","ocean_menu_social_hover_links_color":"","ocean_disable_title":"default","ocean_disable_heading":"default","ocean_post_title":"","ocean_post_subheading":"","ocean_post_title_style":"","ocean_post_title_background_color":"","ocean_post_title_background":0,"ocean_post_title_bg_image_position":"","ocean_post_title_bg_image_attachment":"","ocean_post_title_bg_image_repeat":"","ocean_post_title_bg_image_size":"","ocean_post_title_height":0,"ocean_post_title_bg_overlay":0.5,"ocean_post_title_bg_overlay_color":"","ocean_disable_breadcrumbs":"default","ocean_breadcrumbs_color":"","ocean_breadcrumbs_separator_color":"","ocean_breadcrumbs_links_color":"","ocean_breadcrumbs_links_hover_color":"","ocean_display_footer_widgets":"default","ocean_display_footer_bottom":"default","ocean_custom_footer_template":"0","footnotes":""},"class_list":["post-298","page","type-page","status-publish","hentry","entry"],"_links":{"self":[{"href":"http:\/\/anro-czerniewice.pl\/index.php\/wp-json\/wp\/v2\/pages\/298","targetHints":{"allow":["GET"]}}],"collection":[{"href":"http:\/\/anro-czerniewice.pl\/index.php\/wp-json\/wp\/v2\/pages"}],"about":[{"href":"http:\/\/anro-czerniewice.pl\/index.php\/wp-json\/wp\/v2\/types\/page"}],"author":[{"embeddable":true,"href":"http:\/\/anro-czerniewice.pl\/index.php\/wp-json\/wp\/v2\/users\/1"}],"replies":[{"embeddable":true,"href":"http:\/\/anro-czerniewice.pl\/index.php\/wp-json\/wp\/v2\/comments?post=298"}],"version-history":[{"count":37,"href":"http:\/\/anro-czerniewice.pl\/index.php\/wp-json\/wp\/v2\/pages\/298\/revisions"}],"predecessor-version":[{"id":476,"href":"http:\/\/anro-czerniewice.pl\/index.php\/wp-json\/wp\/v2\/pages\/298\/revisions\/476"}],"wp:attachment":[{"href":"http:\/\/anro-czerniewice.pl\/index.php\/wp-json\/wp\/v2\/media?parent=298"}],"curies":[{"name":"wp","href":"https:\/\/api.w.org\/{rel}","templated":true}]}}