{"id":312,"date":"2023-04-12T17:21:45","date_gmt":"2023-04-12T15:21:45","guid":{"rendered":"https:\/\/anro-czerniewice.pl\/?page_id=312"},"modified":"2023-04-12T22:57:07","modified_gmt":"2023-04-12T20:57:07","slug":"mat-bud-stal","status":"publish","type":"page","link":"http:\/\/anro-czerniewice.pl\/index.php\/mat-bud-stal\/","title":{"rendered":"MAT-BUD STAL"},"content":{"rendered":"\t\t<div data-elementor-type=\"wp-page\" data-elementor-id=\"312\" class=\"elementor elementor-312\">\n\t\t\t\t\t\t<section class=\"elementor-section elementor-top-section elementor-element elementor-element-441e0d7 elementor-section-boxed elementor-section-height-default elementor-section-height-default\" data-id=\"441e0d7\" data-element_type=\"section\">\n\t\t\t\t\t\t<div class=\"elementor-container elementor-column-gap-default\">\n\t\t\t\t\t<div class=\"elementor-column elementor-col-50 elementor-top-column elementor-element elementor-element-1e9e12d\" data-id=\"1e9e12d\" data-element_type=\"column\">\n\t\t\t<div class=\"elementor-widget-wrap elementor-element-populated\">\n\t\t\t\t\t\t<div class=\"elementor-element elementor-element-9d371ab elementor-widget elementor-widget-text-editor\" data-id=\"9d371ab\" data-element_type=\"widget\" data-widget_type=\"text-editor.default\">\n\t\t\t\t<div class=\"elementor-widget-container\">\n\t\t\t\t\t\t\t\t\t<p align=\"justify\" style=\"line-height: 150%; margin-bottom: 0.28cm; font-size: 17px;\">Dostarczamy stal budowlan\u0105 i konstrukcyjn\u0105 na budowy, konstrukcje stalowe, ogrodzenia, balustrady.\n<br\/><br\/>\nNasza oferta skierowana jest do klient\u00f3w detalicznych, kt\u00f3rzy poszukuj\u0105 zbrojenia na swoj\u0105 budow\u0119 lub chc\u0105 wykona\u0107 np. stalowe ogrodzenie.\n<br\/><br\/>\nRobimy wszystko, aby oferowane przez nas wyroby hutnicze, akcesoria metalowe oraz us\u0142ugi kompleksowo spe\u0142nia\u0142y oczekiwana naszych Klient\u00f3w. Oferowana przez nas stal posiada wszystkie niezb\u0119dne certyfikaty i atesty, pochodzi od sprawdzonych dostawc\u00f3w z kt\u00f3rymi wsp\u00f3\u0142pracujemy od lat.\n<br\/><br\/>\nNasza oferta obejmuje: blachy, pr\u0119ty g\u0142adkie oraz \u017cebrowana, stal walcowan\u0105, profile stalowe, k\u0105towniki hutnicze i zimnogi\u0119te, ceowniki, teowniki, dwuteowniki, p\u0142askowniki i wiele innych.<\/p>\t\t\t\t\t\t\t\t<\/div>\n\t\t\t\t<\/div>\n\t\t\t\t\t<\/div>\n\t\t<\/div>\n\t\t\t\t<div class=\"elementor-column elementor-col-50 elementor-top-column elementor-element elementor-element-58a39ad\" data-id=\"58a39ad\" data-element_type=\"column\">\n\t\t\t<div class=\"elementor-widget-wrap elementor-element-populated\">\n\t\t\t\t\t\t<div class=\"elementor-element elementor-element-3815d36 elementor-widget elementor-widget-image\" data-id=\"3815d36\" data-element_type=\"widget\" data-widget_type=\"image.default\">\n\t\t\t\t<div class=\"elementor-widget-container\">\n\t\t\t\t\t\t\t\t\t\t\t\t\t\t\t<img fetchpriority=\"high\" decoding=\"async\" width=\"1024\" height=\"576\" src=\"http:\/\/anro-czerniewice.pl\/wp-content\/uploads\/2023\/04\/stal.jpeg\" class=\"attachment-large size-large wp-image-425\" alt=\"stal\" srcset=\"http:\/\/anro-czerniewice.pl\/wp-content\/uploads\/2023\/04\/stal.jpeg 8238w, http:\/\/anro-czerniewice.pl\/wp-content\/uploads\/2023\/04\/stal-300x169.jpeg 300w\" sizes=\"(max-width: 1024px) 100vw, 1024px\" \/>\t\t\t\t\t\t\t\t\t\t\t\t\t\t\t<\/div>\n\t\t\t\t<\/div>\n\t\t\t\t\t<\/div>\n\t\t<\/div>\n\t\t\t\t\t<\/div>\n\t\t<\/section>\n\t\t\t\t<\/div>\n\t\t","protected":false},"excerpt":{"rendered":"<p>Dostarczamy stal budowlan\u0105 i konstrukcyjn\u0105 na budowy, konstrukcje stalowe, ogrodzenia, balustrady. Nasza oferta skierowana jest do klient\u00f3w detalicznych, kt\u00f3rzy poszukuj\u0105 zbrojenia na swoj\u0105 budow\u0119 lub chc\u0105 wykona\u0107 np. stalowe ogrodzenie. Robimy wszystko, aby oferowane przez nas wyroby hutnicze, akcesoria metalowe oraz us\u0142ugi kompleksowo spe\u0142nia\u0142y oczekiwana naszych Klient\u00f3w. Oferowana przez nas stal posiada wszystkie niezb\u0119dne certyfikaty [&hellip;]<\/p>\n","protected":false},"author":1,"featured_media":0,"parent":0,"menu_order":0,"comment_status":"closed","ping_status":"closed","template":"","meta":{"ocean_post_layout":"","ocean_both_sidebars_style":"","ocean_both_sidebars_content_width":0,"ocean_both_sidebars_sidebars_width":0,"ocean_sidebar":"0","ocean_second_sidebar":"0","ocean_disable_margins":"enable","ocean_add_body_class":"","ocean_shortcode_before_top_bar":"","ocean_shortcode_after_top_bar":"","ocean_shortcode_before_header":"","ocean_shortcode_after_header":"","ocean_has_shortcode":"","ocean_shortcode_after_title":"","ocean_shortcode_before_footer_widgets":"","ocean_shortcode_after_footer_widgets":"","ocean_shortcode_before_footer_bottom":"","ocean_shortcode_after_footer_bottom":"","ocean_display_top_bar":"default","ocean_display_header":"default","ocean_header_style":"","ocean_center_header_left_menu":"0","ocean_custom_header_template":"0","ocean_custom_logo":0,"ocean_custom_retina_logo":0,"ocean_custom_logo_max_width":0,"ocean_custom_logo_tablet_max_width":0,"ocean_custom_logo_mobile_max_width":0,"ocean_custom_logo_max_height":0,"ocean_custom_logo_tablet_max_height":0,"ocean_custom_logo_mobile_max_height":0,"ocean_header_custom_menu":"0","ocean_menu_typo_font_family":"0","ocean_menu_typo_font_subset":"","ocean_menu_typo_font_size":0,"ocean_menu_typo_font_size_tablet":0,"ocean_menu_typo_font_size_mobile":0,"ocean_menu_typo_font_size_unit":"px","ocean_menu_typo_font_weight":"","ocean_menu_typo_font_weight_tablet":"","ocean_menu_typo_font_weight_mobile":"","ocean_menu_typo_transform":"","ocean_menu_typo_transform_tablet":"","ocean_menu_typo_transform_mobile":"","ocean_menu_typo_line_height":0,"ocean_menu_typo_line_height_tablet":0,"ocean_menu_typo_line_height_mobile":0,"ocean_menu_typo_line_height_unit":"","ocean_menu_typo_spacing":0,"ocean_menu_typo_spacing_tablet":0,"ocean_menu_typo_spacing_mobile":0,"ocean_menu_typo_spacing_unit":"","ocean_menu_link_color":"","ocean_menu_link_color_hover":"","ocean_menu_link_color_active":"","ocean_menu_link_background":"","ocean_menu_link_hover_background":"","ocean_menu_link_active_background":"","ocean_menu_social_links_bg":"","ocean_menu_social_hover_links_bg":"","ocean_menu_social_links_color":"","ocean_menu_social_hover_links_color":"","ocean_disable_title":"default","ocean_disable_heading":"default","ocean_post_title":"","ocean_post_subheading":"","ocean_post_title_style":"","ocean_post_title_background_color":"","ocean_post_title_background":0,"ocean_post_title_bg_image_position":"","ocean_post_title_bg_image_attachment":"","ocean_post_title_bg_image_repeat":"","ocean_post_title_bg_image_size":"","ocean_post_title_height":0,"ocean_post_title_bg_overlay":0.5,"ocean_post_title_bg_overlay_color":"","ocean_disable_breadcrumbs":"default","ocean_breadcrumbs_color":"","ocean_breadcrumbs_separator_color":"","ocean_breadcrumbs_links_color":"","ocean_breadcrumbs_links_hover_color":"","ocean_display_footer_widgets":"default","ocean_display_footer_bottom":"default","ocean_custom_footer_template":"0","footnotes":""},"class_list":["post-312","page","type-page","status-publish","hentry","entry"],"_links":{"self":[{"href":"http:\/\/anro-czerniewice.pl\/index.php\/wp-json\/wp\/v2\/pages\/312","targetHints":{"allow":["GET"]}}],"collection":[{"href":"http:\/\/anro-czerniewice.pl\/index.php\/wp-json\/wp\/v2\/pages"}],"about":[{"href":"http:\/\/anro-czerniewice.pl\/index.php\/wp-json\/wp\/v2\/types\/page"}],"author":[{"embeddable":true,"href":"http:\/\/anro-czerniewice.pl\/index.php\/wp-json\/wp\/v2\/users\/1"}],"replies":[{"embeddable":true,"href":"http:\/\/anro-czerniewice.pl\/index.php\/wp-json\/wp\/v2\/comments?post=312"}],"version-history":[{"count":10,"href":"http:\/\/anro-czerniewice.pl\/index.php\/wp-json\/wp\/v2\/pages\/312\/revisions"}],"predecessor-version":[{"id":485,"href":"http:\/\/anro-czerniewice.pl\/index.php\/wp-json\/wp\/v2\/pages\/312\/revisions\/485"}],"wp:attachment":[{"href":"http:\/\/anro-czerniewice.pl\/index.php\/wp-json\/wp\/v2\/media?parent=312"}],"curies":[{"name":"wp","href":"https:\/\/api.w.org\/{rel}","templated":true}]}}