{"id":325,"date":"2023-04-12T17:26:43","date_gmt":"2023-04-12T15:26:43","guid":{"rendered":"https:\/\/anro-czerniewice.pl\/?page_id=325"},"modified":"2023-04-12T22:56:07","modified_gmt":"2023-04-12T20:56:07","slug":"mat-bud-chemia","status":"publish","type":"page","link":"http:\/\/anro-czerniewice.pl\/index.php\/mat-bud-chemia\/","title":{"rendered":"MAT-BUD CHEMIA"},"content":{"rendered":"\t\t<div data-elementor-type=\"wp-page\" data-elementor-id=\"325\" class=\"elementor elementor-325\">\n\t\t\t\t\t\t<section class=\"elementor-section elementor-top-section elementor-element elementor-element-090ac7a elementor-section-boxed elementor-section-height-default elementor-section-height-default\" data-id=\"090ac7a\" data-element_type=\"section\">\n\t\t\t\t\t\t<div class=\"elementor-container elementor-column-gap-default\">\n\t\t\t\t\t<div class=\"elementor-column elementor-col-50 elementor-top-column elementor-element elementor-element-ea786c0\" data-id=\"ea786c0\" data-element_type=\"column\">\n\t\t\t<div class=\"elementor-widget-wrap elementor-element-populated\">\n\t\t\t\t\t\t<div class=\"elementor-element elementor-element-3f8715f elementor-widget elementor-widget-text-editor\" data-id=\"3f8715f\" data-element_type=\"widget\" data-widget_type=\"text-editor.default\">\n\t\t\t\t<div class=\"elementor-widget-container\">\n\t\t\t\t\t\t\t\t\t<p align=\"justify\" style=\"line-height: 150%; margin-bottom: 0.28cm; font-size: 17px;\">Dzi\u0119ki naszej szerokiej ofercie mo\u017cecie Pa\u0144stwo kompleksowo zaopatrzy\u0107 si\u0119 we wszystkie niezb\u0119dne podczas budowy czy remontu \u015brodki chemii budowlanej.\n<br\/><br\/>\nNasza oferta obejmuje:<\/p>\n\n<ul style=\"line-height: 150%; margin-bottom: 0.28cm; font-size: 17px;\">\n \t<li>zaprawy<\/li>\n \t<li>grunty<\/li>\n \t<li>wylewki<\/li>\n \t<li>kleje<\/li>\n \t<li>g\u0142adzie<\/li>\n \t<li>gipsy<\/li>\n \t<li>tynki<\/li>\n<\/ul>\n<p align=\"justify\" style=\"line-height: 150%; margin-bottom: 0.28cm; font-size: 17px;\">oraz inne preparaty odpowiadaj\u0105ce nie tylko za estetyk\u0119, ale tak\u017ce wytrzyma\u0142o\u015b\u0107 efekt\u00f3w prac budowlano wyko\u0144czeniowych.<\/p>\t\t\t\t\t\t\t\t<\/div>\n\t\t\t\t<\/div>\n\t\t\t\t\t<\/div>\n\t\t<\/div>\n\t\t\t\t<div class=\"elementor-column elementor-col-50 elementor-top-column elementor-element elementor-element-f0d82c2\" data-id=\"f0d82c2\" data-element_type=\"column\">\n\t\t\t<div class=\"elementor-widget-wrap elementor-element-populated\">\n\t\t\t\t\t\t<div class=\"elementor-element elementor-element-e3d9518 elementor-widget elementor-widget-image\" data-id=\"e3d9518\" data-element_type=\"widget\" data-widget_type=\"image.default\">\n\t\t\t\t<div class=\"elementor-widget-container\">\n\t\t\t\t\t\t\t\t\t\t\t\t\t\t\t<img fetchpriority=\"high\" decoding=\"async\" width=\"1024\" height=\"865\" src=\"http:\/\/anro-czerniewice.pl\/wp-content\/uploads\/2023\/04\/chemia-budowlana-2-1024x865.jpeg\" class=\"attachment-large size-large wp-image-428\" alt=\"chemia\" srcset=\"http:\/\/anro-czerniewice.pl\/wp-content\/uploads\/2023\/04\/chemia-budowlana-2-1024x865.jpeg 1024w, http:\/\/anro-czerniewice.pl\/wp-content\/uploads\/2023\/04\/chemia-budowlana-2-300x253.jpeg 300w, http:\/\/anro-czerniewice.pl\/wp-content\/uploads\/2023\/04\/chemia-budowlana-2-768x649.jpeg 768w, http:\/\/anro-czerniewice.pl\/wp-content\/uploads\/2023\/04\/chemia-budowlana-2-1536x1297.jpeg 1536w, http:\/\/anro-czerniewice.pl\/wp-content\/uploads\/2023\/04\/chemia-budowlana-2-2048x1730.jpeg 2048w\" sizes=\"(max-width: 1024px) 100vw, 1024px\" \/>\t\t\t\t\t\t\t\t\t\t\t\t\t\t\t<\/div>\n\t\t\t\t<\/div>\n\t\t\t\t\t<\/div>\n\t\t<\/div>\n\t\t\t\t\t<\/div>\n\t\t<\/section>\n\t\t\t\t<section class=\"elementor-section elementor-top-section elementor-element elementor-element-abe9831 elementor-section-boxed elementor-section-height-default elementor-section-height-default\" data-id=\"abe9831\" data-element_type=\"section\">\n\t\t\t\t\t\t<div class=\"elementor-container elementor-column-gap-default\">\n\t\t\t\t\t<div class=\"elementor-column elementor-col-100 elementor-top-column elementor-element elementor-element-404683e\" data-id=\"404683e\" data-element_type=\"column\">\n\t\t\t<div class=\"elementor-widget-wrap elementor-element-populated\">\n\t\t\t\t\t\t<div class=\"elementor-element elementor-element-e646f69 elementor-arrows-position-inside elementor-pagination-position-outside elementor-widget elementor-widget-image-carousel\" data-id=\"e646f69\" data-element_type=\"widget\" data-settings=\"{&quot;navigation&quot;:&quot;both&quot;,&quot;autoplay&quot;:&quot;yes&quot;,&quot;pause_on_hover&quot;:&quot;yes&quot;,&quot;pause_on_interaction&quot;:&quot;yes&quot;,&quot;autoplay_speed&quot;:5000,&quot;infinite&quot;:&quot;yes&quot;,&quot;speed&quot;:500}\" data-widget_type=\"image-carousel.default\">\n\t\t\t\t<div class=\"elementor-widget-container\">\n\t\t\t\t\t\t\t<div class=\"elementor-image-carousel-wrapper swiper\" role=\"region\" aria-roledescription=\"carousel\" aria-label=\"Karuzela obrazk\u00f3w\" dir=\"ltr\">\n\t\t\t<div class=\"elementor-image-carousel swiper-wrapper\" aria-live=\"off\">\n\t\t\t\t\t\t\t\t<div class=\"swiper-slide\" role=\"group\" aria-roledescription=\"slide\" aria-label=\"1 z 7\"><figure class=\"swiper-slide-inner\"><img decoding=\"async\" class=\"swiper-slide-image\" src=\"http:\/\/anro-czerniewice.pl\/wp-content\/uploads\/elementor\/thumbs\/magnat_logo-r3m0nudp6gsyp712ucgw8g9wrgx8di4dly1m1fw924.png\" alt=\"magnat_logo\" \/><\/figure><\/div><div class=\"swiper-slide\" role=\"group\" aria-roledescription=\"slide\" aria-label=\"2 z 7\"><figure class=\"swiper-slide-inner\"><img decoding=\"async\" class=\"swiper-slide-image\" src=\"http:\/\/anro-czerniewice.pl\/wp-content\/uploads\/elementor\/thumbs\/dekoral-r3m0nw9dk4vjceycjda5dfsty8nyswbua7ckzztgpo.png\" alt=\"dekoral\" \/><\/figure><\/div><div class=\"swiper-slide\" role=\"group\" aria-roledescription=\"slide\" aria-label=\"3 z 7\"><figure class=\"swiper-slide-inner\"><img decoding=\"async\" class=\"swiper-slide-image\" src=\"http:\/\/anro-czerniewice.pl\/wp-content\/uploads\/elementor\/thumbs\/greinplast-r3m0nrk6lyp3qd56at90iyzizbb4qet6lk35lm0fks.png\" alt=\"greinplast\" \/><\/figure><\/div><div class=\"swiper-slide\" role=\"group\" aria-roledescription=\"slide\" aria-label=\"4 z 7\"><figure class=\"swiper-slide-inner\"><img decoding=\"async\" class=\"swiper-slide-image\" src=\"http:\/\/anro-czerniewice.pl\/wp-content\/uploads\/elementor\/thumbs\/soudal-r3m0noqo1gl8rj99ra14thp575p13bhzl64p5s4m3g.png\" alt=\"soudal\" \/><\/figure><\/div><div class=\"swiper-slide\" role=\"group\" aria-roledescription=\"slide\" aria-label=\"5 z 7\"><figure class=\"swiper-slide-inner\"><img decoding=\"async\" class=\"swiper-slide-image\" src=\"http:\/\/anro-czerniewice.pl\/wp-content\/uploads\/elementor\/thumbs\/KLEIB_RGB-r3m0nnstumjyfxamwrmi8zxolrtnvme991h7oi609o.png\" alt=\"KLEIB_RGB\" \/><\/figure><\/div><div class=\"swiper-slide\" role=\"group\" aria-roledescription=\"slide\" aria-label=\"6 z 7\"><figure class=\"swiper-slide-inner\"><img decoding=\"async\" class=\"swiper-slide-image\" src=\"http:\/\/anro-czerniewice.pl\/wp-content\/uploads\/elementor\/thumbs\/sika-r3m0nrk6lyp3qd56at90iyzizbb4qet6lk35lm0fks.png\" alt=\"sika\" \/><\/figure><\/div><div class=\"swiper-slide\" role=\"group\" aria-roledescription=\"slide\" aria-label=\"7 z 7\"><figure class=\"swiper-slide-inner\"><img decoding=\"async\" class=\"swiper-slide-image\" src=\"http:\/\/anro-czerniewice.pl\/wp-content\/uploads\/elementor\/thumbs\/solbet-r3m0nudp6gsyp712ucgw8g9wrgx8di4dly1m1fw924.jpg\" alt=\"solbet\" \/><\/figure><\/div>\t\t\t<\/div>\n\t\t\t\t\t\t\t\t\t\t\t\t<div class=\"elementor-swiper-button elementor-swiper-button-prev\" role=\"button\" tabindex=\"0\">\n\t\t\t\t\t\t<i aria-hidden=\"true\" class=\"eicon-chevron-left\"><\/i>\t\t\t\t\t<\/div>\n\t\t\t\t\t<div class=\"elementor-swiper-button elementor-swiper-button-next\" role=\"button\" tabindex=\"0\">\n\t\t\t\t\t\t<i aria-hidden=\"true\" class=\"eicon-chevron-right\"><\/i>\t\t\t\t\t<\/div>\n\t\t\t\t\n\t\t\t\t\t\t\t\t\t<div class=\"swiper-pagination\"><\/div>\n\t\t\t\t\t\t\t\t\t<\/div>\n\t\t\t\t\t\t<\/div>\n\t\t\t\t<\/div>\n\t\t\t\t\t<\/div>\n\t\t<\/div>\n\t\t\t\t\t<\/div>\n\t\t<\/section>\n\t\t\t\t<\/div>\n\t\t","protected":false},"excerpt":{"rendered":"<p>Dzi\u0119ki naszej szerokiej ofercie mo\u017cecie Pa\u0144stwo kompleksowo zaopatrzy\u0107 si\u0119 we wszystkie niezb\u0119dne podczas budowy czy remontu \u015brodki chemii budowlanej. Nasza oferta obejmuje: zaprawy grunty wylewki kleje g\u0142adzie gipsy tynki oraz inne preparaty odpowiadaj\u0105ce nie tylko za estetyk\u0119, ale tak\u017ce wytrzyma\u0142o\u015b\u0107 efekt\u00f3w prac budowlano wyko\u0144czeniowych. Poprzednie Nast\u0119pne<\/p>\n","protected":false},"author":1,"featured_media":0,"parent":0,"menu_order":0,"comment_status":"closed","ping_status":"closed","template":"","meta":{"ocean_post_layout":"","ocean_both_sidebars_style":"","ocean_both_sidebars_content_width":0,"ocean_both_sidebars_sidebars_width":0,"ocean_sidebar":"0","ocean_second_sidebar":"0","ocean_disable_margins":"enable","ocean_add_body_class":"","ocean_shortcode_before_top_bar":"","ocean_shortcode_after_top_bar":"","ocean_shortcode_before_header":"","ocean_shortcode_after_header":"","ocean_has_shortcode":"","ocean_shortcode_after_title":"","ocean_shortcode_before_footer_widgets":"","ocean_shortcode_after_footer_widgets":"","ocean_shortcode_before_footer_bottom":"","ocean_shortcode_after_footer_bottom":"","ocean_display_top_bar":"default","ocean_display_header":"default","ocean_header_style":"","ocean_center_header_left_menu":"0","ocean_custom_header_template":"0","ocean_custom_logo":0,"ocean_custom_retina_logo":0,"ocean_custom_logo_max_width":0,"ocean_custom_logo_tablet_max_width":0,"ocean_custom_logo_mobile_max_width":0,"ocean_custom_logo_max_height":0,"ocean_custom_logo_tablet_max_height":0,"ocean_custom_logo_mobile_max_height":0,"ocean_header_custom_menu":"0","ocean_menu_typo_font_family":"0","ocean_menu_typo_font_subset":"","ocean_menu_typo_font_size":0,"ocean_menu_typo_font_size_tablet":0,"ocean_menu_typo_font_size_mobile":0,"ocean_menu_typo_font_size_unit":"px","ocean_menu_typo_font_weight":"","ocean_menu_typo_font_weight_tablet":"","ocean_menu_typo_font_weight_mobile":"","ocean_menu_typo_transform":"","ocean_menu_typo_transform_tablet":"","ocean_menu_typo_transform_mobile":"","ocean_menu_typo_line_height":0,"ocean_menu_typo_line_height_tablet":0,"ocean_menu_typo_line_height_mobile":0,"ocean_menu_typo_line_height_unit":"","ocean_menu_typo_spacing":0,"ocean_menu_typo_spacing_tablet":0,"ocean_menu_typo_spacing_mobile":0,"ocean_menu_typo_spacing_unit":"","ocean_menu_link_color":"","ocean_menu_link_color_hover":"","ocean_menu_link_color_active":"","ocean_menu_link_background":"","ocean_menu_link_hover_background":"","ocean_menu_link_active_background":"","ocean_menu_social_links_bg":"","ocean_menu_social_hover_links_bg":"","ocean_menu_social_links_color":"","ocean_menu_social_hover_links_color":"","ocean_disable_title":"default","ocean_disable_heading":"default","ocean_post_title":"","ocean_post_subheading":"","ocean_post_title_style":"","ocean_post_title_background_color":"","ocean_post_title_background":0,"ocean_post_title_bg_image_position":"","ocean_post_title_bg_image_attachment":"","ocean_post_title_bg_image_repeat":"","ocean_post_title_bg_image_size":"","ocean_post_title_height":0,"ocean_post_title_bg_overlay":0.5,"ocean_post_title_bg_overlay_color":"","ocean_disable_breadcrumbs":"default","ocean_breadcrumbs_color":"","ocean_breadcrumbs_separator_color":"","ocean_breadcrumbs_links_color":"","ocean_breadcrumbs_links_hover_color":"","ocean_display_footer_widgets":"default","ocean_display_footer_bottom":"default","ocean_custom_footer_template":"0","footnotes":""},"class_list":["post-325","page","type-page","status-publish","hentry","entry"],"_links":{"self":[{"href":"http:\/\/anro-czerniewice.pl\/index.php\/wp-json\/wp\/v2\/pages\/325","targetHints":{"allow":["GET"]}}],"collection":[{"href":"http:\/\/anro-czerniewice.pl\/index.php\/wp-json\/wp\/v2\/pages"}],"about":[{"href":"http:\/\/anro-czerniewice.pl\/index.php\/wp-json\/wp\/v2\/types\/page"}],"author":[{"embeddable":true,"href":"http:\/\/anro-czerniewice.pl\/index.php\/wp-json\/wp\/v2\/users\/1"}],"replies":[{"embeddable":true,"href":"http:\/\/anro-czerniewice.pl\/index.php\/wp-json\/wp\/v2\/comments?post=325"}],"version-history":[{"count":19,"href":"http:\/\/anro-czerniewice.pl\/index.php\/wp-json\/wp\/v2\/pages\/325\/revisions"}],"predecessor-version":[{"id":473,"href":"http:\/\/anro-czerniewice.pl\/index.php\/wp-json\/wp\/v2\/pages\/325\/revisions\/473"}],"wp:attachment":[{"href":"http:\/\/anro-czerniewice.pl\/index.php\/wp-json\/wp\/v2\/media?parent=325"}],"curies":[{"name":"wp","href":"https:\/\/api.w.org\/{rel}","templated":true}]}}