{"id":333,"date":"2023-04-12T17:30:40","date_gmt":"2023-04-12T15:30:40","guid":{"rendered":"https:\/\/anro-czerniewice.pl\/?page_id=333"},"modified":"2023-04-12T22:56:39","modified_gmt":"2023-04-12T20:56:39","slug":"mat-bud-drewno","status":"publish","type":"page","link":"http:\/\/anro-czerniewice.pl\/index.php\/mat-bud-drewno\/","title":{"rendered":"MAT-BUD DREWNO"},"content":{"rendered":"\t\t<div data-elementor-type=\"wp-page\" data-elementor-id=\"333\" class=\"elementor elementor-333\">\n\t\t\t\t\t\t<section class=\"elementor-section elementor-top-section elementor-element elementor-element-c180ed7 elementor-section-boxed elementor-section-height-default elementor-section-height-default\" data-id=\"c180ed7\" data-element_type=\"section\">\n\t\t\t\t\t\t<div class=\"elementor-container elementor-column-gap-default\">\n\t\t\t\t\t<div class=\"elementor-column elementor-col-66 elementor-top-column elementor-element elementor-element-04de6a7\" data-id=\"04de6a7\" data-element_type=\"column\">\n\t\t\t<div class=\"elementor-widget-wrap\">\n\t\t\t\t\t\t\t<\/div>\n\t\t<\/div>\n\t\t\t\t<div class=\"elementor-column elementor-col-33 elementor-top-column elementor-element elementor-element-c1472ff\" data-id=\"c1472ff\" data-element_type=\"column\">\n\t\t\t<div class=\"elementor-widget-wrap\">\n\t\t\t\t\t\t\t<\/div>\n\t\t<\/div>\n\t\t\t\t\t<\/div>\n\t\t<\/section>\n\t\t\t\t<section class=\"elementor-section elementor-top-section elementor-element elementor-element-a8cac4c elementor-section-boxed elementor-section-height-default elementor-section-height-default\" data-id=\"a8cac4c\" data-element_type=\"section\">\n\t\t\t\t\t\t<div class=\"elementor-container elementor-column-gap-default\">\n\t\t\t\t\t<div class=\"elementor-column elementor-col-50 elementor-top-column elementor-element elementor-element-03e0788\" data-id=\"03e0788\" data-element_type=\"column\">\n\t\t\t<div class=\"elementor-widget-wrap elementor-element-populated\">\n\t\t\t\t\t\t<div class=\"elementor-element elementor-element-f57c342 elementor-widget elementor-widget-text-editor\" data-id=\"f57c342\" data-element_type=\"widget\" data-widget_type=\"text-editor.default\">\n\t\t\t\t<div class=\"elementor-widget-container\">\n\t\t\t\t\t\t\t\t\t<p align=\"justify\" style=\"line-height: 150%; margin-bottom: 0.28cm; font-size: 17px;\">Oferowane przez nas drewno budowlane pochodzi w 100% certyfikowanych polskich las\u00f3w nale\u017c\u0105cych do Pa\u0144stwowego Gospodarstwa Le\u015bnego co gwarantuje posiadanie certyfikatu FSC.\n<br\/><br\/>\nNasza oferta obejmuje:<\/p>\n\n<ul style=\"line-height: 150%; margin-bottom: 0.28cm; font-size: 17px;\">\n \t<li style=\"line-height: 150%; font-size: 17px;\">\u0142aty<\/li>\n \t<li style=\"line-height: 150%; font-size: 17px;\">kontr\u0142aty<\/li>\n \t<li style=\"line-height: 150%; font-size: 17px;\">deski szalunkowe<\/li>\n \t<li style=\"line-height: 150%; font-size: 17px;\">kant\u00f3wki<\/li>\n<\/ul>\n<p align=\"justify\" style=\"line-height: 150%; margin-bottom: 0.28cm; font-size: 17px;\">Drewno, kt\u00f3re oferujemy poddawane jest suszeniu, a nast\u0119pnie impregnacji ci\u015bnieniowej metod\u0105 DURAPIN. Czym jest impregnacja ci\u015bnieniowa?\n\nCi\u015bnieniowa impregnacja drewna metod\u0105 DURAPIN przebiega wed\u0142ug 7 etapowego procesu:\n<ol style=\"line-height: 150%; margin-bottom: 0.28cm; font-size: 17px;\">\n \t<li>Drewno jest poddane suszeniu przed impregnacj\u0105.<\/li>\n \t<li>Drewno jest wprowadzane do autoklawu.<\/li>\n \t<li>Pr\u00f3\u017cnia usuwa powietrze z autoklawu.<\/li>\n \t<li>\u015arodek konserwuj\u0105cy wype\u0142nia autoklaw.<\/li>\n \t<li>Autoklaw jest pod ci\u015bnieniem, wt\u0142aczaj\u0105c impregnat do drewna.<\/li>\n \t<li>\u015arodek konserwuj\u0105cy jest usuwany.<\/li>\n \t<li>Przed ekstrakcj\u0105 drewna stosuje si\u0119 podci\u015bnienie w celu usuni\u0119cia nadmiaru impregnatu z drewna.<\/li>\n<\/ol>\n<\/p>\t\t\t\t\t\t\t\t<\/div>\n\t\t\t\t<\/div>\n\t\t\t\t\t<\/div>\n\t\t<\/div>\n\t\t\t\t<div class=\"elementor-column elementor-col-50 elementor-top-column elementor-element elementor-element-cc02d30\" data-id=\"cc02d30\" data-element_type=\"column\">\n\t\t\t<div class=\"elementor-widget-wrap elementor-element-populated\">\n\t\t\t\t\t\t<div class=\"elementor-element elementor-element-58f139e elementor-widget elementor-widget-image\" data-id=\"58f139e\" data-element_type=\"widget\" data-widget_type=\"image.default\">\n\t\t\t\t<div class=\"elementor-widget-container\">\n\t\t\t\t\t\t\t\t\t\t\t\t\t\t\t<img fetchpriority=\"high\" decoding=\"async\" width=\"1024\" height=\"683\" src=\"http:\/\/anro-czerniewice.pl\/wp-content\/uploads\/2023\/04\/drewno-1024x683.jpeg\" class=\"attachment-large size-large wp-image-453\" alt=\"drewno\" srcset=\"http:\/\/anro-czerniewice.pl\/wp-content\/uploads\/2023\/04\/drewno-1024x683.jpeg 1024w, http:\/\/anro-czerniewice.pl\/wp-content\/uploads\/2023\/04\/drewno-300x200.jpeg 300w, http:\/\/anro-czerniewice.pl\/wp-content\/uploads\/2023\/04\/drewno-768x512.jpeg 768w, http:\/\/anro-czerniewice.pl\/wp-content\/uploads\/2023\/04\/drewno-2048x1365.jpeg 2048w\" sizes=\"(max-width: 1024px) 100vw, 1024px\" \/>\t\t\t\t\t\t\t\t\t\t\t\t\t\t\t<\/div>\n\t\t\t\t<\/div>\n\t\t\t\t\t<\/div>\n\t\t<\/div>\n\t\t\t\t\t<\/div>\n\t\t<\/section>\n\t\t\t\t<\/div>\n\t\t","protected":false},"excerpt":{"rendered":"<p>Oferowane przez nas drewno budowlane pochodzi w 100% certyfikowanych polskich las\u00f3w nale\u017c\u0105cych do Pa\u0144stwowego Gospodarstwa Le\u015bnego co gwarantuje posiadanie certyfikatu FSC. Nasza oferta obejmuje: \u0142aty kontr\u0142aty deski szalunkowe kant\u00f3wki Drewno, kt\u00f3re oferujemy poddawane jest suszeniu, a nast\u0119pnie impregnacji ci\u015bnieniowej metod\u0105 DURAPIN. Czym jest impregnacja ci\u015bnieniowa? Ci\u015bnieniowa impregnacja drewna metod\u0105 DURAPIN przebiega wed\u0142ug 7 etapowego procesu: [&hellip;]<\/p>\n","protected":false},"author":1,"featured_media":0,"parent":0,"menu_order":0,"comment_status":"closed","ping_status":"closed","template":"","meta":{"ocean_post_layout":"","ocean_both_sidebars_style":"","ocean_both_sidebars_content_width":0,"ocean_both_sidebars_sidebars_width":0,"ocean_sidebar":"0","ocean_second_sidebar":"0","ocean_disable_margins":"enable","ocean_add_body_class":"","ocean_shortcode_before_top_bar":"","ocean_shortcode_after_top_bar":"","ocean_shortcode_before_header":"","ocean_shortcode_after_header":"","ocean_has_shortcode":"","ocean_shortcode_after_title":"","ocean_shortcode_before_footer_widgets":"","ocean_shortcode_after_footer_widgets":"","ocean_shortcode_before_footer_bottom":"","ocean_shortcode_after_footer_bottom":"","ocean_display_top_bar":"default","ocean_display_header":"default","ocean_header_style":"","ocean_center_header_left_menu":"0","ocean_custom_header_template":"0","ocean_custom_logo":0,"ocean_custom_retina_logo":0,"ocean_custom_logo_max_width":0,"ocean_custom_logo_tablet_max_width":0,"ocean_custom_logo_mobile_max_width":0,"ocean_custom_logo_max_height":0,"ocean_custom_logo_tablet_max_height":0,"ocean_custom_logo_mobile_max_height":0,"ocean_header_custom_menu":"0","ocean_menu_typo_font_family":"0","ocean_menu_typo_font_subset":"","ocean_menu_typo_font_size":0,"ocean_menu_typo_font_size_tablet":0,"ocean_menu_typo_font_size_mobile":0,"ocean_menu_typo_font_size_unit":"px","ocean_menu_typo_font_weight":"","ocean_menu_typo_font_weight_tablet":"","ocean_menu_typo_font_weight_mobile":"","ocean_menu_typo_transform":"","ocean_menu_typo_transform_tablet":"","ocean_menu_typo_transform_mobile":"","ocean_menu_typo_line_height":0,"ocean_menu_typo_line_height_tablet":0,"ocean_menu_typo_line_height_mobile":0,"ocean_menu_typo_line_height_unit":"","ocean_menu_typo_spacing":0,"ocean_menu_typo_spacing_tablet":0,"ocean_menu_typo_spacing_mobile":0,"ocean_menu_typo_spacing_unit":"","ocean_menu_link_color":"","ocean_menu_link_color_hover":"","ocean_menu_link_color_active":"","ocean_menu_link_background":"","ocean_menu_link_hover_background":"","ocean_menu_link_active_background":"","ocean_menu_social_links_bg":"","ocean_menu_social_hover_links_bg":"","ocean_menu_social_links_color":"","ocean_menu_social_hover_links_color":"","ocean_disable_title":"default","ocean_disable_heading":"default","ocean_post_title":"","ocean_post_subheading":"","ocean_post_title_style":"","ocean_post_title_background_color":"","ocean_post_title_background":0,"ocean_post_title_bg_image_position":"","ocean_post_title_bg_image_attachment":"","ocean_post_title_bg_image_repeat":"","ocean_post_title_bg_image_size":"","ocean_post_title_height":0,"ocean_post_title_bg_overlay":0.5,"ocean_post_title_bg_overlay_color":"","ocean_disable_breadcrumbs":"default","ocean_breadcrumbs_color":"","ocean_breadcrumbs_separator_color":"","ocean_breadcrumbs_links_color":"","ocean_breadcrumbs_links_hover_color":"","ocean_display_footer_widgets":"default","ocean_display_footer_bottom":"default","ocean_custom_footer_template":"0","footnotes":""},"class_list":["post-333","page","type-page","status-publish","hentry","entry"],"_links":{"self":[{"href":"http:\/\/anro-czerniewice.pl\/index.php\/wp-json\/wp\/v2\/pages\/333","targetHints":{"allow":["GET"]}}],"collection":[{"href":"http:\/\/anro-czerniewice.pl\/index.php\/wp-json\/wp\/v2\/pages"}],"about":[{"href":"http:\/\/anro-czerniewice.pl\/index.php\/wp-json\/wp\/v2\/types\/page"}],"author":[{"embeddable":true,"href":"http:\/\/anro-czerniewice.pl\/index.php\/wp-json\/wp\/v2\/users\/1"}],"replies":[{"embeddable":true,"href":"http:\/\/anro-czerniewice.pl\/index.php\/wp-json\/wp\/v2\/comments?post=333"}],"version-history":[{"count":10,"href":"http:\/\/anro-czerniewice.pl\/index.php\/wp-json\/wp\/v2\/pages\/333\/revisions"}],"predecessor-version":[{"id":479,"href":"http:\/\/anro-czerniewice.pl\/index.php\/wp-json\/wp\/v2\/pages\/333\/revisions\/479"}],"wp:attachment":[{"href":"http:\/\/anro-czerniewice.pl\/index.php\/wp-json\/wp\/v2\/media?parent=333"}],"curies":[{"name":"wp","href":"https:\/\/api.w.org\/{rel}","templated":true}]}}